{"id":6,"date":"2015-11-09T20:54:10","date_gmt":"2015-11-09T20:54:10","guid":{"rendered":"http:\/\/face3media.com\/fr\/?page_id=6"},"modified":"2019-08-15T19:43:47","modified_gmt":"2019-08-15T19:43:47","slug":"a-propos","status":"publish","type":"page","link":"https:\/\/face3media.com\/fr\/a-propos\/","title":{"rendered":"\u00c0 Propos"},"content":{"rendered":"<p class=\"largetext\">Bas\u00e9e \u00e0 Montr\u00e9al, au Qu\u00e9bec, Face3 Media r\u00e9unit une \u00e9quipe multilingue de concepteurs, de programmeurs et de sp\u00e9cialistes du marketing aux talents vari\u00e9s qui se passionnent pour la conception et le d\u00e9veloppement.<\/p>\n<p>Au cours des dix derni\u00e8res ann\u00e9es, notre \u00e9quipe exp\u00e9riment\u00e9e, qui partage un loft avec une chienne (Sofia), a travaill\u00e9 avec des entreprises, des sites internet et des magazines issus de domaines vari\u00e9s sur des plateformes diff\u00e9rentes, en cr\u00e9ant des sites internet, des campagnes publicitaires, des vid\u00e9oclips et bien davantage. La conception et le d\u00e9veloppement de m\u00e9dias est une vraie passion pour nous et nous offrons une gamme compl\u00e8te de services connexes, dont la programmation haut de gamme, la cr\u00e9ation de contenu et la commercialisation.<\/p>\n","protected":false},"excerpt":{"rendered":"<p>Bas\u00e9e \u00e0 Montr\u00e9al, au Qu\u00e9bec, Face3 Media r\u00e9unit une \u00e9quipe multilingue de concepteurs, de programmeurs et de sp\u00e9cialistes du marketing aux talents vari\u00e9s qui se passionnent pour la conception et le d\u00e9veloppement. Au cours des dix derni\u00e8res ann\u00e9es, notre \u00e9quipe exp\u00e9riment\u00e9e, qui partage un loft avec une chienne (Sofia), a travaill\u00e9 avec des entreprises, des <\/p>\n","protected":false},"author":1,"featured_media":241,"parent":0,"menu_order":0,"comment_status":"closed","ping_status":"closed","template":"","meta":{"footnotes":""},"yoast_head":"<!-- This site is optimized with the Yoast SEO plugin v21.5 - https:\/\/yoast.com\/wordpress\/plugins\/seo\/ -->\n<title>\u00c0 Propos | Face3 Media<\/title>\n<meta name=\"description\" content=\"D\u00e9couvrez l&#039;histoire, la culture, ainsi que la fa\u00e7on que Face3 Media est devenu une \u00e9quipe de programmeurs, concepteurs et experts du marketing.\" \/>\n<meta name=\"robots\" content=\"index, follow, max-snippet:-1, max-image-preview:large, max-video-preview:-1\" \/>\n<link rel=\"canonical\" href=\"https:\/\/face3media.com\/fr\/a-propos\/\" \/>\n<meta property=\"og:locale\" content=\"fr_FR\" \/>\n<meta property=\"og:type\" content=\"article\" \/>\n<meta property=\"og:title\" content=\"\u00c0 Propos | Face3 Media\" \/>\n<meta property=\"og:description\" content=\"D\u00e9couvrez l&#039;histoire, la culture, ainsi que la fa\u00e7on que Face3 Media est devenu une \u00e9quipe de programmeurs, concepteurs et experts du marketing.\" \/>\n<meta property=\"og:url\" content=\"https:\/\/face3media.com\/fr\/a-propos\/\" \/>\n<meta property=\"og:site_name\" content=\"Face3 Media French\" \/>\n<meta property=\"article:modified_time\" content=\"2019-08-15T19:43:47+00:00\" \/>\n<meta property=\"og:image\" content=\"https:\/\/face3media.com\/wp-content\/uploads\/sites\/2\/2015\/11\/about-bg.png\" \/>\n\t<meta property=\"og:image:width\" content=\"1400\" \/>\n\t<meta property=\"og:image:height\" content=\"450\" \/>\n\t<meta property=\"og:image:type\" content=\"image\/png\" \/>\n<meta name=\"twitter:card\" content=\"summary_large_image\" \/>\n<meta name=\"twitter:title\" content=\"\u00c0 Propos | Face3 Media\" \/>\n<meta name=\"twitter:description\" content=\"D\u00e9couvrez l&#039;histoire, la culture, ainsi que la fa\u00e7on que Face3 Media est devenu une \u00e9quipe de programmeurs, concepteurs et experts du marketing.\" \/>\n<meta name=\"twitter:label1\" content=\"Dur\u00e9e de lecture estim\u00e9e\" \/>\n\t<meta name=\"twitter:data1\" content=\"1 minute\" \/>\n<script type=\"application\/ld+json\" class=\"yoast-schema-graph\">{\"@context\":\"https:\/\/schema.org\",\"@graph\":[{\"@type\":\"WebPage\",\"@id\":\"https:\/\/face3media.com\/fr\/a-propos\/\",\"url\":\"https:\/\/face3media.com\/fr\/a-propos\/\",\"name\":\"\u00c0 Propos | Face3 Media\",\"isPartOf\":{\"@id\":\"https:\/\/face3media.com\/fr\/#website\"},\"datePublished\":\"2015-11-09T20:54:10+00:00\",\"dateModified\":\"2019-08-15T19:43:47+00:00\",\"description\":\"D\u00e9couvrez l'histoire, la culture, ainsi que la fa\u00e7on que Face3 Media est devenu une \u00e9quipe de programmeurs, concepteurs et experts du marketing.\",\"breadcrumb\":{\"@id\":\"https:\/\/face3media.com\/fr\/a-propos\/#breadcrumb\"},\"inLanguage\":\"fr-FR\",\"potentialAction\":[{\"@type\":\"ReadAction\",\"target\":[\"https:\/\/face3media.com\/fr\/a-propos\/\"]}]},{\"@type\":\"BreadcrumbList\",\"@id\":\"https:\/\/face3media.com\/fr\/a-propos\/#breadcrumb\",\"itemListElement\":[{\"@type\":\"ListItem\",\"position\":1,\"name\":\"Home\",\"item\":\"https:\/\/face3media.com\/fr\/\"},{\"@type\":\"ListItem\",\"position\":2,\"name\":\"\u00c0 Propos\"}]},{\"@type\":\"WebSite\",\"@id\":\"https:\/\/face3media.com\/fr\/#website\",\"url\":\"https:\/\/face3media.com\/fr\/\",\"name\":\"Face3 Media French\",\"description\":\"\",\"potentialAction\":[{\"@type\":\"SearchAction\",\"target\":{\"@type\":\"EntryPoint\",\"urlTemplate\":\"https:\/\/face3media.com\/fr\/?s={search_term_string}\"},\"query-input\":\"required name=search_term_string\"}],\"inLanguage\":\"fr-FR\"}]}<\/script>\n<!-- \/ Yoast SEO plugin. -->","yoast_head_json":{"title":"\u00c0 Propos | Face3 Media","description":"D\u00e9couvrez l'histoire, la culture, ainsi que la fa\u00e7on que Face3 Media est devenu une \u00e9quipe de programmeurs, concepteurs et experts du marketing.","robots":{"index":"index","follow":"follow","max-snippet":"max-snippet:-1","max-image-preview":"max-image-preview:large","max-video-preview":"max-video-preview:-1"},"canonical":"https:\/\/face3media.com\/fr\/a-propos\/","og_locale":"fr_FR","og_type":"article","og_title":"\u00c0 Propos | Face3 Media","og_description":"D\u00e9couvrez l'histoire, la culture, ainsi que la fa\u00e7on que Face3 Media est devenu une \u00e9quipe de programmeurs, concepteurs et experts du marketing.","og_url":"https:\/\/face3media.com\/fr\/a-propos\/","og_site_name":"Face3 Media French","article_modified_time":"2019-08-15T19:43:47+00:00","og_image":[{"width":1400,"height":450,"url":"https:\/\/face3media.com\/wp-content\/uploads\/sites\/2\/2015\/11\/about-bg.png","type":"image\/png"}],"twitter_card":"summary_large_image","twitter_title":"\u00c0 Propos | Face3 Media","twitter_description":"D\u00e9couvrez l'histoire, la culture, ainsi que la fa\u00e7on que Face3 Media est devenu une \u00e9quipe de programmeurs, concepteurs et experts du marketing.","twitter_misc":{"Dur\u00e9e de lecture estim\u00e9e":"1 minute"},"schema":{"@context":"https:\/\/schema.org","@graph":[{"@type":"WebPage","@id":"https:\/\/face3media.com\/fr\/a-propos\/","url":"https:\/\/face3media.com\/fr\/a-propos\/","name":"\u00c0 Propos | Face3 Media","isPartOf":{"@id":"https:\/\/face3media.com\/fr\/#website"},"datePublished":"2015-11-09T20:54:10+00:00","dateModified":"2019-08-15T19:43:47+00:00","description":"D\u00e9couvrez l'histoire, la culture, ainsi que la fa\u00e7on que Face3 Media est devenu une \u00e9quipe de programmeurs, concepteurs et experts du marketing.","breadcrumb":{"@id":"https:\/\/face3media.com\/fr\/a-propos\/#breadcrumb"},"inLanguage":"fr-FR","potentialAction":[{"@type":"ReadAction","target":["https:\/\/face3media.com\/fr\/a-propos\/"]}]},{"@type":"BreadcrumbList","@id":"https:\/\/face3media.com\/fr\/a-propos\/#breadcrumb","itemListElement":[{"@type":"ListItem","position":1,"name":"Home","item":"https:\/\/face3media.com\/fr\/"},{"@type":"ListItem","position":2,"name":"\u00c0 Propos"}]},{"@type":"WebSite","@id":"https:\/\/face3media.com\/fr\/#website","url":"https:\/\/face3media.com\/fr\/","name":"Face3 Media French","description":"","potentialAction":[{"@type":"SearchAction","target":{"@type":"EntryPoint","urlTemplate":"https:\/\/face3media.com\/fr\/?s={search_term_string}"},"query-input":"required name=search_term_string"}],"inLanguage":"fr-FR"}]}},"_links":{"self":[{"href":"https:\/\/face3media.com\/fr\/wp-json\/wp\/v2\/pages\/6"}],"collection":[{"href":"https:\/\/face3media.com\/fr\/wp-json\/wp\/v2\/pages"}],"about":[{"href":"https:\/\/face3media.com\/fr\/wp-json\/wp\/v2\/types\/page"}],"author":[{"embeddable":true,"href":"https:\/\/face3media.com\/fr\/wp-json\/wp\/v2\/users\/1"}],"replies":[{"embeddable":true,"href":"https:\/\/face3media.com\/fr\/wp-json\/wp\/v2\/comments?post=6"}],"version-history":[{"count":11,"href":"https:\/\/face3media.com\/fr\/wp-json\/wp\/v2\/pages\/6\/revisions"}],"predecessor-version":[{"id":282,"href":"https:\/\/face3media.com\/fr\/wp-json\/wp\/v2\/pages\/6\/revisions\/282"}],"wp:featuredmedia":[{"embeddable":true,"href":"https:\/\/face3media.com\/fr\/wp-json\/wp\/v2\/media\/241"}],"wp:attachment":[{"href":"https:\/\/face3media.com\/fr\/wp-json\/wp\/v2\/media?parent=6"}],"curies":[{"name":"wp","href":"https:\/\/api.w.org\/{rel}","templated":true}]}}