{"id":31,"date":"2015-11-09T21:11:13","date_gmt":"2015-11-09T21:11:13","guid":{"rendered":"http:\/\/face3media.com\/fr\/?page_id=31"},"modified":"2019-10-23T13:14:22","modified_gmt":"2019-10-23T13:14:22","slug":"services","status":"publish","type":"page","link":"https:\/\/face3media.com\/fr\/services\/","title":{"rendered":"Services"},"content":{"rendered":"<div class=\"small-120 columns small-centered the-content\">\n<div class=\"block-img\"><img loading=\"lazy\" decoding=\"async\" class=\"attachment-third-block-grid-img size-third-block-grid-img wp-post-image\" src=\"\/wp-content\/uploads\/2018\/05\/production.png\" alt=\"Yellow dot\" width=\"29\" height=\"29\" \/><\/div>\n<div class=\"block-title\">\n<h2 class=\"text-center\">Production<\/h2>\n<\/div>\n<p>&nbsp;<\/p>\n<\/div>\n<div class=\"row mb-100-v\">\n<div class=\"columns\">\n<p class=\"largetext\">Vous voulez vous d\u00e9marquer? Vous avez besoin d\u2019une plateforme robuste et d\u2019un contenu original pour une exp\u00e9rience de marque unique. Si vous souhaitez vous rapprocher de vos clients, vous \u00eates au bon endroit.<\/p>\n<\/div>\n<\/div>\n<div class=\"small-120 columns small-centered the-content\">\n<div class=\"block-img\"><img loading=\"lazy\" decoding=\"async\" class=\"attachment-third-block-grid-img size-third-block-grid-img wp-post-image\" src=\"\/wp-content\/uploads\/2018\/05\/marketing.png\" width=\"29\" height=\"29\" \/><\/div>\n<div class=\"block-title\">\n<h2 class=\"text-center\">Marketing<\/h2>\n<\/div>\n<p>&nbsp;<\/p>\n<\/div>\n<div class=\"row mb-100-v\">\n<div class=\"columns\">\n<p class=\"largetext first\">Retirez le meilleur de votre budget marketing. Rejoignez les bonnes personnes, au bon endroit, au bon moment.<\/p>\n<p class=\"largetext\">Dites-nous quels sont vos objectifs, vos attentes. Comptez sur nous pour les atteindre et les d\u00e9passer. Apr\u00e8s tout, chaque entreprise est unique. Votre strat\u00e9gie de marketing num\u00e9rique devrait l\u2019\u00eatre aussi.<\/p>\n<\/div>\n<\/div>\n<div class=\"small-120 columns small-centered the-content\">\n<div class=\"block-img\"><img loading=\"lazy\" decoding=\"async\" class=\"attachment-third-block-grid-img size-third-block-grid-img wp-post-image\" src=\"\/wp-content\/uploads\/2018\/05\/maintenance.png\" width=\"29\" height=\"29\" \/><\/div>\n<div class=\"block-title\">\n<h2 class=\"text-center\">Maintenance<\/h2>\n<\/div>\n<p>&nbsp;<\/p>\n<\/div>\n<div class=\"row mb-100-v\">\n<div class=\"columns\">\n<p class=\"largetext\">Tout est en place, et maintenant quoi? Vous avez besoin d\u2019assistance pour continuer \u00e0 tout faire rouler. Nous sommes fiers d\u2019\u00eatre fiables, responsables et transparents. Pour garder les lumi\u00e8res allum\u00e9es en tout temps, discutez avec nous.<\/p>\n<\/div>\n<\/div>\n","protected":false},"excerpt":{"rendered":"<p>Production &nbsp; Vous voulez vous d\u00e9marquer? Vous avez besoin d\u2019une plateforme robuste et d\u2019un contenu original pour une exp\u00e9rience de marque unique. Si vous souhaitez vous rapprocher de vos clients, vous \u00eates au bon endroit. Marketing &nbsp; Retirez le meilleur de votre budget marketing. Rejoignez les bonnes personnes, au bon endroit, au bon moment. Dites-nous <\/p>\n","protected":false},"author":1,"featured_media":8,"parent":0,"menu_order":0,"comment_status":"closed","ping_status":"closed","template":"page-templates\/services-archive.php","meta":{"footnotes":""},"yoast_head":"<!-- This site is optimized with the Yoast SEO plugin v21.5 - https:\/\/yoast.com\/wordpress\/plugins\/seo\/ -->\n<title>Services | Face3 Media<\/title>\n<meta name=\"description\" content=\"Face3 Media offre une grande vari\u00e9t\u00e9 de services, allant de la conception et d\u00e9veloppement de sites, au marketing num\u00e9rique, optimisation des moteurs de recherche, production vid\u00e9o et plus encore.\" \/>\n<meta name=\"robots\" content=\"index, follow, max-snippet:-1, max-image-preview:large, max-video-preview:-1\" \/>\n<link rel=\"canonical\" href=\"https:\/\/face3media.com\/fr\/services\/\" \/>\n<meta property=\"og:locale\" content=\"fr_FR\" \/>\n<meta property=\"og:type\" content=\"article\" \/>\n<meta property=\"og:title\" content=\"Sevices | Face3 Media\" \/>\n<meta property=\"og:description\" content=\"Face3 Media offre une grande vari\u00e9t\u00e9 de services, allant de la conception et d\u00e9veloppement de sites, au marketing num\u00e9rique, optimisation des moteurs de recherche, production vid\u00e9o et plus encore.\" \/>\n<meta property=\"og:url\" content=\"https:\/\/face3media.com\/fr\/services\/\" \/>\n<meta property=\"og:site_name\" content=\"Face3 Media French\" \/>\n<meta property=\"article:modified_time\" content=\"2019-10-23T13:14:22+00:00\" \/>\n<meta property=\"og:image\" content=\"https:\/\/face3media.com\/wp-content\/uploads\/sites\/2\/2015\/11\/16326290806_24b41124e3_k.jpg\" \/>\n\t<meta property=\"og:image:width\" content=\"2048\" \/>\n\t<meta property=\"og:image:height\" content=\"1528\" \/>\n\t<meta property=\"og:image:type\" content=\"image\/jpeg\" \/>\n<meta name=\"twitter:card\" content=\"summary_large_image\" \/>\n<meta name=\"twitter:title\" content=\"Sevices | Face3 Media\" \/>\n<meta name=\"twitter:description\" content=\"Face3 Media offre une grande vari\u00e9t\u00e9 de services, allant de la conception et d\u00e9veloppement de sites, au marketing num\u00e9rique, optimisation des moteurs de recherche, production vid\u00e9o et plus encore.\" \/>\n<meta name=\"twitter:label1\" content=\"Dur\u00e9e de lecture estim\u00e9e\" \/>\n\t<meta name=\"twitter:data1\" content=\"1 minute\" \/>\n<script type=\"application\/ld+json\" class=\"yoast-schema-graph\">{\"@context\":\"https:\/\/schema.org\",\"@graph\":[{\"@type\":\"WebPage\",\"@id\":\"https:\/\/face3media.com\/fr\/services\/\",\"url\":\"https:\/\/face3media.com\/fr\/services\/\",\"name\":\"Services | Face3 Media\",\"isPartOf\":{\"@id\":\"https:\/\/face3media.com\/fr\/#website\"},\"datePublished\":\"2015-11-09T21:11:13+00:00\",\"dateModified\":\"2019-10-23T13:14:22+00:00\",\"description\":\"Face3 Media offre une grande vari\u00e9t\u00e9 de services, allant de la conception et d\u00e9veloppement de sites, au marketing num\u00e9rique, optimisation des moteurs de recherche, production vid\u00e9o et plus encore.\",\"breadcrumb\":{\"@id\":\"https:\/\/face3media.com\/fr\/services\/#breadcrumb\"},\"inLanguage\":\"fr-FR\",\"potentialAction\":[{\"@type\":\"ReadAction\",\"target\":[\"https:\/\/face3media.com\/fr\/services\/\"]}]},{\"@type\":\"BreadcrumbList\",\"@id\":\"https:\/\/face3media.com\/fr\/services\/#breadcrumb\",\"itemListElement\":[{\"@type\":\"ListItem\",\"position\":1,\"name\":\"Home\",\"item\":\"https:\/\/face3media.com\/fr\/\"},{\"@type\":\"ListItem\",\"position\":2,\"name\":\"Services\"}]},{\"@type\":\"WebSite\",\"@id\":\"https:\/\/face3media.com\/fr\/#website\",\"url\":\"https:\/\/face3media.com\/fr\/\",\"name\":\"Face3 Media French\",\"description\":\"\",\"potentialAction\":[{\"@type\":\"SearchAction\",\"target\":{\"@type\":\"EntryPoint\",\"urlTemplate\":\"https:\/\/face3media.com\/fr\/?s={search_term_string}\"},\"query-input\":\"required name=search_term_string\"}],\"inLanguage\":\"fr-FR\"}]}<\/script>\n<!-- \/ Yoast SEO plugin. -->","yoast_head_json":{"title":"Services | Face3 Media","description":"Face3 Media offre une grande vari\u00e9t\u00e9 de services, allant de la conception et d\u00e9veloppement de sites, au marketing num\u00e9rique, optimisation des moteurs de recherche, production vid\u00e9o et plus encore.","robots":{"index":"index","follow":"follow","max-snippet":"max-snippet:-1","max-image-preview":"max-image-preview:large","max-video-preview":"max-video-preview:-1"},"canonical":"https:\/\/face3media.com\/fr\/services\/","og_locale":"fr_FR","og_type":"article","og_title":"Sevices | Face3 Media","og_description":"Face3 Media offre une grande vari\u00e9t\u00e9 de services, allant de la conception et d\u00e9veloppement de sites, au marketing num\u00e9rique, optimisation des moteurs de recherche, production vid\u00e9o et plus encore.","og_url":"https:\/\/face3media.com\/fr\/services\/","og_site_name":"Face3 Media French","article_modified_time":"2019-10-23T13:14:22+00:00","og_image":[{"width":2048,"height":1528,"url":"https:\/\/face3media.com\/wp-content\/uploads\/sites\/2\/2015\/11\/16326290806_24b41124e3_k.jpg","type":"image\/jpeg"}],"twitter_card":"summary_large_image","twitter_title":"Sevices | Face3 Media","twitter_description":"Face3 Media offre une grande vari\u00e9t\u00e9 de services, allant de la conception et d\u00e9veloppement de sites, au marketing num\u00e9rique, optimisation des moteurs de recherche, production vid\u00e9o et plus encore.","twitter_misc":{"Dur\u00e9e de lecture estim\u00e9e":"1 minute"},"schema":{"@context":"https:\/\/schema.org","@graph":[{"@type":"WebPage","@id":"https:\/\/face3media.com\/fr\/services\/","url":"https:\/\/face3media.com\/fr\/services\/","name":"Services | Face3 Media","isPartOf":{"@id":"https:\/\/face3media.com\/fr\/#website"},"datePublished":"2015-11-09T21:11:13+00:00","dateModified":"2019-10-23T13:14:22+00:00","description":"Face3 Media offre une grande vari\u00e9t\u00e9 de services, allant de la conception et d\u00e9veloppement de sites, au marketing num\u00e9rique, optimisation des moteurs de recherche, production vid\u00e9o et plus encore.","breadcrumb":{"@id":"https:\/\/face3media.com\/fr\/services\/#breadcrumb"},"inLanguage":"fr-FR","potentialAction":[{"@type":"ReadAction","target":["https:\/\/face3media.com\/fr\/services\/"]}]},{"@type":"BreadcrumbList","@id":"https:\/\/face3media.com\/fr\/services\/#breadcrumb","itemListElement":[{"@type":"ListItem","position":1,"name":"Home","item":"https:\/\/face3media.com\/fr\/"},{"@type":"ListItem","position":2,"name":"Services"}]},{"@type":"WebSite","@id":"https:\/\/face3media.com\/fr\/#website","url":"https:\/\/face3media.com\/fr\/","name":"Face3 Media French","description":"","potentialAction":[{"@type":"SearchAction","target":{"@type":"EntryPoint","urlTemplate":"https:\/\/face3media.com\/fr\/?s={search_term_string}"},"query-input":"required name=search_term_string"}],"inLanguage":"fr-FR"}]}},"_links":{"self":[{"href":"https:\/\/face3media.com\/fr\/wp-json\/wp\/v2\/pages\/31"}],"collection":[{"href":"https:\/\/face3media.com\/fr\/wp-json\/wp\/v2\/pages"}],"about":[{"href":"https:\/\/face3media.com\/fr\/wp-json\/wp\/v2\/types\/page"}],"author":[{"embeddable":true,"href":"https:\/\/face3media.com\/fr\/wp-json\/wp\/v2\/users\/1"}],"replies":[{"embeddable":true,"href":"https:\/\/face3media.com\/fr\/wp-json\/wp\/v2\/comments?post=31"}],"version-history":[{"count":9,"href":"https:\/\/face3media.com\/fr\/wp-json\/wp\/v2\/pages\/31\/revisions"}],"predecessor-version":[{"id":667,"href":"https:\/\/face3media.com\/fr\/wp-json\/wp\/v2\/pages\/31\/revisions\/667"}],"wp:featuredmedia":[{"embeddable":true,"href":"https:\/\/face3media.com\/fr\/wp-json\/wp\/v2\/media\/8"}],"wp:attachment":[{"href":"https:\/\/face3media.com\/fr\/wp-json\/wp\/v2\/media?parent=31"}],"curies":[{"name":"wp","href":"https:\/\/api.w.org\/{rel}","templated":true}]}}