{"id":29,"date":"2015-11-09T21:10:38","date_gmt":"2015-11-09T21:10:38","guid":{"rendered":"http:\/\/face3media.com\/fr\/?page_id=29"},"modified":"2019-08-15T19:53:03","modified_gmt":"2019-08-15T19:53:03","slug":"projets","status":"publish","type":"page","link":"https:\/\/face3media.com\/fr\/projets\/","title":{"rendered":"Projets"},"content":{"rendered":"<p>La cr\u00e9ation d&rsquo;une bonne marque ou d&rsquo;une pr\u00e9sence en ligne\u00a0n\u00e9cessite une combinaison de\u00a0plusieurs \u00e9l\u00e9ments: images, sons, contenu, strat\u00e9gies et ergonomie. Pour produire quelque chose qui\u00a0repr\u00e9sente votre produit, votre marque et vous-m\u00eame au meilleur de sa capacit\u00e9, il faut retourner chaque\u00a0pierre et explorer tous les coins. \u00c9videmment,\u00a0il s&rsquo;agit\u00a0d&rsquo;un processus continu et collaboratif entre vous et nous. Au fil des ans, Face3 Media a travaill\u00e9 avec des promoteurs, des compagnies de v\u00eatements, des bijoutiers, des webzines et\u00a0plus, d\u00e9veloppant\u00a0de nombreuses relations de travail durables, dont plusieurs\u00a0se poursuivent encore aujourd&rsquo;hui.\u00a0Jetez un coup\u00a0d&rsquo;oeil \u00e0 travers notre portfolio pour voir o\u00f9 vous\u00a0vous situez.<\/p>\n","protected":false},"excerpt":{"rendered":"<p>La cr\u00e9ation d&rsquo;une bonne marque ou d&rsquo;une pr\u00e9sence en ligne\u00a0n\u00e9cessite une combinaison de\u00a0plusieurs \u00e9l\u00e9ments: images, sons, contenu, strat\u00e9gies et ergonomie. Pour produire quelque chose qui\u00a0repr\u00e9sente votre produit, votre marque et vous-m\u00eame au meilleur de sa capacit\u00e9, il faut retourner chaque\u00a0pierre et explorer tous les coins. \u00c9videmment,\u00a0il s&rsquo;agit\u00a0d&rsquo;un processus continu et collaboratif entre vous et nous. <\/p>\n","protected":false},"author":1,"featured_media":176,"parent":0,"menu_order":0,"comment_status":"closed","ping_status":"closed","template":"page-templates\/projects-archive.php","meta":{"footnotes":""},"yoast_head":"<!-- This site is optimized with the Yoast SEO plugin v21.5 - https:\/\/yoast.com\/wordpress\/plugins\/seo\/ -->\n<title>Projets | Face3 Media<\/title>\n<meta name=\"description\" content=\"Au fil des ann\u00e9es, Face3 Media a travaill\u00e9 avec des promoteurs, des compagnies de v\u00eatements, des webzines et plus. Jetez un coup d&#039;oeil \u00e0 notre portfolio pour plus.\" \/>\n<meta name=\"robots\" content=\"index, follow, max-snippet:-1, max-image-preview:large, max-video-preview:-1\" \/>\n<link rel=\"canonical\" href=\"https:\/\/face3media.com\/fr\/projets\/\" \/>\n<meta property=\"og:locale\" content=\"fr_FR\" \/>\n<meta property=\"og:type\" content=\"article\" \/>\n<meta property=\"og:title\" content=\"Projets | Face3 Media\" \/>\n<meta property=\"og:description\" content=\"Au fil des ann\u00e9es, Face3 Media a travaill\u00e9 avec des promoteurs, des compagnies de v\u00eatements, des bijoutiers, des webzines et plus. Jetez un coup d&#039;oeil \u00e0 notre portfolio pour plus d&#039;info.\" \/>\n<meta property=\"og:url\" content=\"https:\/\/face3media.com\/fr\/projets\/\" \/>\n<meta property=\"og:site_name\" content=\"Face3 Media French\" \/>\n<meta property=\"article:modified_time\" content=\"2019-08-15T19:53:03+00:00\" \/>\n<meta property=\"og:image\" content=\"https:\/\/face3media.com\/wp-content\/uploads\/sites\/2\/2015\/11\/face3-projects-hero.jpg\" \/>\n\t<meta property=\"og:image:width\" content=\"1518\" \/>\n\t<meta property=\"og:image:height\" content=\"600\" \/>\n\t<meta property=\"og:image:type\" content=\"image\/jpeg\" \/>\n<meta name=\"twitter:card\" content=\"summary_large_image\" \/>\n<meta name=\"twitter:title\" content=\"Projets | Face3 Media\" \/>\n<meta name=\"twitter:description\" content=\"Au fil des ann\u00e9es, Face3 Media a travaill\u00e9 avec des promoteurs, des compagnies de v\u00eatements, des bijoutiers, des webzines et plus. Jetez un coup d&#039;oeil \u00e0 notre portfolio pour plus d&#039;info.\" \/>\n<meta name=\"twitter:label1\" content=\"Dur\u00e9e de lecture estim\u00e9e\" \/>\n\t<meta name=\"twitter:data1\" content=\"1 minute\" \/>\n<script type=\"application\/ld+json\" class=\"yoast-schema-graph\">{\"@context\":\"https:\/\/schema.org\",\"@graph\":[{\"@type\":\"WebPage\",\"@id\":\"https:\/\/face3media.com\/fr\/projets\/\",\"url\":\"https:\/\/face3media.com\/fr\/projets\/\",\"name\":\"Projets | Face3 Media\",\"isPartOf\":{\"@id\":\"https:\/\/face3media.com\/fr\/#website\"},\"datePublished\":\"2015-11-09T21:10:38+00:00\",\"dateModified\":\"2019-08-15T19:53:03+00:00\",\"description\":\"Au fil des ann\u00e9es, Face3 Media a travaill\u00e9 avec des promoteurs, des compagnies de v\u00eatements, des webzines et plus. Jetez un coup d'oeil \u00e0 notre portfolio pour plus.\",\"breadcrumb\":{\"@id\":\"https:\/\/face3media.com\/fr\/projets\/#breadcrumb\"},\"inLanguage\":\"fr-FR\",\"potentialAction\":[{\"@type\":\"ReadAction\",\"target\":[\"https:\/\/face3media.com\/fr\/projets\/\"]}]},{\"@type\":\"BreadcrumbList\",\"@id\":\"https:\/\/face3media.com\/fr\/projets\/#breadcrumb\",\"itemListElement\":[{\"@type\":\"ListItem\",\"position\":1,\"name\":\"Home\",\"item\":\"https:\/\/face3media.com\/fr\/\"},{\"@type\":\"ListItem\",\"position\":2,\"name\":\"Projets\"}]},{\"@type\":\"WebSite\",\"@id\":\"https:\/\/face3media.com\/fr\/#website\",\"url\":\"https:\/\/face3media.com\/fr\/\",\"name\":\"Face3 Media French\",\"description\":\"\",\"potentialAction\":[{\"@type\":\"SearchAction\",\"target\":{\"@type\":\"EntryPoint\",\"urlTemplate\":\"https:\/\/face3media.com\/fr\/?s={search_term_string}\"},\"query-input\":\"required name=search_term_string\"}],\"inLanguage\":\"fr-FR\"}]}<\/script>\n<!-- \/ Yoast SEO plugin. -->","yoast_head_json":{"title":"Projets | Face3 Media","description":"Au fil des ann\u00e9es, Face3 Media a travaill\u00e9 avec des promoteurs, des compagnies de v\u00eatements, des webzines et plus. Jetez un coup d'oeil \u00e0 notre portfolio pour plus.","robots":{"index":"index","follow":"follow","max-snippet":"max-snippet:-1","max-image-preview":"max-image-preview:large","max-video-preview":"max-video-preview:-1"},"canonical":"https:\/\/face3media.com\/fr\/projets\/","og_locale":"fr_FR","og_type":"article","og_title":"Projets | Face3 Media","og_description":"Au fil des ann\u00e9es, Face3 Media a travaill\u00e9 avec des promoteurs, des compagnies de v\u00eatements, des bijoutiers, des webzines et plus. Jetez un coup d'oeil \u00e0 notre portfolio pour plus d'info.","og_url":"https:\/\/face3media.com\/fr\/projets\/","og_site_name":"Face3 Media French","article_modified_time":"2019-08-15T19:53:03+00:00","og_image":[{"width":1518,"height":600,"url":"https:\/\/face3media.com\/wp-content\/uploads\/sites\/2\/2015\/11\/face3-projects-hero.jpg","type":"image\/jpeg"}],"twitter_card":"summary_large_image","twitter_title":"Projets | Face3 Media","twitter_description":"Au fil des ann\u00e9es, Face3 Media a travaill\u00e9 avec des promoteurs, des compagnies de v\u00eatements, des bijoutiers, des webzines et plus. Jetez un coup d'oeil \u00e0 notre portfolio pour plus d'info.","twitter_misc":{"Dur\u00e9e de lecture estim\u00e9e":"1 minute"},"schema":{"@context":"https:\/\/schema.org","@graph":[{"@type":"WebPage","@id":"https:\/\/face3media.com\/fr\/projets\/","url":"https:\/\/face3media.com\/fr\/projets\/","name":"Projets | Face3 Media","isPartOf":{"@id":"https:\/\/face3media.com\/fr\/#website"},"datePublished":"2015-11-09T21:10:38+00:00","dateModified":"2019-08-15T19:53:03+00:00","description":"Au fil des ann\u00e9es, Face3 Media a travaill\u00e9 avec des promoteurs, des compagnies de v\u00eatements, des webzines et plus. Jetez un coup d'oeil \u00e0 notre portfolio pour plus.","breadcrumb":{"@id":"https:\/\/face3media.com\/fr\/projets\/#breadcrumb"},"inLanguage":"fr-FR","potentialAction":[{"@type":"ReadAction","target":["https:\/\/face3media.com\/fr\/projets\/"]}]},{"@type":"BreadcrumbList","@id":"https:\/\/face3media.com\/fr\/projets\/#breadcrumb","itemListElement":[{"@type":"ListItem","position":1,"name":"Home","item":"https:\/\/face3media.com\/fr\/"},{"@type":"ListItem","position":2,"name":"Projets"}]},{"@type":"WebSite","@id":"https:\/\/face3media.com\/fr\/#website","url":"https:\/\/face3media.com\/fr\/","name":"Face3 Media French","description":"","potentialAction":[{"@type":"SearchAction","target":{"@type":"EntryPoint","urlTemplate":"https:\/\/face3media.com\/fr\/?s={search_term_string}"},"query-input":"required name=search_term_string"}],"inLanguage":"fr-FR"}]}},"_links":{"self":[{"href":"https:\/\/face3media.com\/fr\/wp-json\/wp\/v2\/pages\/29"}],"collection":[{"href":"https:\/\/face3media.com\/fr\/wp-json\/wp\/v2\/pages"}],"about":[{"href":"https:\/\/face3media.com\/fr\/wp-json\/wp\/v2\/types\/page"}],"author":[{"embeddable":true,"href":"https:\/\/face3media.com\/fr\/wp-json\/wp\/v2\/users\/1"}],"replies":[{"embeddable":true,"href":"https:\/\/face3media.com\/fr\/wp-json\/wp\/v2\/comments?post=29"}],"version-history":[{"count":4,"href":"https:\/\/face3media.com\/fr\/wp-json\/wp\/v2\/pages\/29\/revisions"}],"predecessor-version":[{"id":277,"href":"https:\/\/face3media.com\/fr\/wp-json\/wp\/v2\/pages\/29\/revisions\/277"}],"wp:featuredmedia":[{"embeddable":true,"href":"https:\/\/face3media.com\/fr\/wp-json\/wp\/v2\/media\/176"}],"wp:attachment":[{"href":"https:\/\/face3media.com\/fr\/wp-json\/wp\/v2\/media?parent=29"}],"curies":[{"name":"wp","href":"https:\/\/api.w.org\/{rel}","templated":true}]}}