{"id":289,"date":"2018-07-26T18:03:34","date_gmt":"2018-07-26T18:03:34","guid":{"rendered":"http:\/\/face3media.com\/fr\/?page_id=289"},"modified":"2020-05-07T15:32:30","modified_gmt":"2020-05-07T15:32:30","slug":"politique-de-confidentialite","status":"publish","type":"page","link":"https:\/\/face3media.com\/fr\/politique-de-confidentialite\/","title":{"rendered":"Politique de confidentialit\u00e9"},"content":{"rendered":"<p><span style=\"text-decoration: underline;\"><span style=\"font-weight: 400;\">Comment nous utilisons les cookies sur notre site Internet <\/span><\/span><\/p>\n<p><span style=\"font-weight: 400;\">Face3 Media utilise des cookies et autres outils similaire afin d\u2019am\u00e9liorer sa performance et ainsi augmenter votre exp\u00e9rience en tant qu\u2019usager. Voici ce que vous devez savoir sur nos pratiques de collecte de donn\u00e9es et de l&rsquo;usage qui en est fait.<\/span><\/p>\n<p><strong>Les donn\u00e9es que nous pourrions collecter<\/strong><\/p>\n<p><span style=\"font-weight: 400;\">Il y a deux cat\u00e9gories de donn\u00e9es que nous pourrions collection lorsque vous utilisez notre site face3media.com. Les donn\u00e9es anonymes qui sont collect\u00e9es automatiquement par des outils de tierce partie, et les donn\u00e9es personnes que vous nous envoyez de mani\u00e8re explicite par la soumission d\u2019un formulaire que vous remplissez sur notre site Internet. <\/span><\/p>\n<p><span style=\"text-decoration: underline;\"><span style=\"font-weight: 400;\">Les donn\u00e9es personnelles<\/span><\/span><\/p>\n<p><span style=\"font-weight: 400;\">Nous entendons par \u2018donn\u00e9es personnes\u2019 toute information qui vous identifie, tel que votre nom, adresse courriel, num\u00e9ro de t\u00e9l\u00e9phone et toute autre information personnelle. Nous collectons les donn\u00e9es personnelles seulement si vous avez explicitement envoy\u00e9 l\u2019information en soumettant un formulaire sur notre site ou en vous inscrivant \u00e0 notre infolettre.<\/span><\/p>\n<p><span style=\"font-weight: 400;\">Face3 Media ne va jamais vendre, louer ou partager cette information avec des tierces parties. Si vous d\u00e9cidez de partager vos informations personnelles, nous utiliserons cette information que dans le but de communiquer directement avec vous. <\/span><\/p>\n<p><span style=\"text-decoration: underline;\"><span style=\"font-weight: 400;\">Les donn\u00e9es anonymes<\/span><\/span><\/p>\n<p><span style=\"font-weight: 400;\">Le site face3media.com utilise des outils d\u2019analyses et autres technologies telles que Google Analytics afin de collecter de l\u2019information non-personnelle. Les donn\u00e9es sont collect\u00e9es pour compiler des rapports \u00e0 propos de l\u2019activit\u00e9 sur notre site Internet. <\/span><\/p>\n<p><span style=\"font-weight: 400;\">Vous pouvez d\u00e9sactiver la collecte des donn\u00e9es de Google Analytics \u00e0 tout moment en consultant cette page de d\u00e9sactivation de Google Analytics : https:\/\/tools.google.com\/dlpage\/gaoptout?hl=f. &nbsp;<\/span><\/p>\n<p><strong>Est-ce qu\u2019un usager peut bloquer les cookies?<\/strong><\/p>\n<p><span style=\"font-weight: 400;\">Comme nous avons mentionn\u00e9 plus haut, les cookies vous aide dans votre navigation de sites Internet. Si vous voulez d\u00e9sactiver les cookies d\u2019un site Internet, vous pouvez le faire en changeant vos pr\u00e9f\u00e9rences sur votre moteur de recherche (Chrome, Safari, etc). Cependant, Veuillez prendre note que certaines fonctionnalit\u00e9 du site Internet pourraient ne pas fonctionner correctement si les cookies sont d\u00e9sactiv\u00e9s.<\/span><\/p>\n<p><span style=\"font-weight: 400;\">Vous pouvez vous d\u00e9sabonner de toutes publicit\u00e9s web cibl\u00e9es par comportement en allant sur le site Internet <\/span><a href=\"https:\/\/www.google.com\/settings\/ads\"><span style=\"font-weight: 400;\">https:\/\/www.google.com\/settings\/ads.<\/span><\/a><span style=\"font-weight: 400;\"> En vous d\u00e9sabonnant, vous n\u2019allez plus recevoir de publicit\u00e9s cibl\u00e9s sur les sites Internet, cependant vous allez toujours recevoir des publicit\u00e9s g\u00e9n\u00e9riques. &nbsp;<\/span><\/p>\n<p><b>Qu\u2019est-ce qu\u2019un cookie?<\/b><\/p>\n<p><span style=\"font-weight: 400;\">Les cookies sont des petits fichiers texte qui contiennent de petites quantit\u00e9s d&rsquo;information qui sont t\u00e9l\u00e9charg\u00e9s sur votre ordinateur lorsque vous visitez un site Internet. Les cookies vous vous permettent de naviguer efficacement d&rsquo;une page \u00e0 l&rsquo;autre, en enregistrant vos pr\u00e9f\u00e9rences et am\u00e9liorant votre exp\u00e9rience d\u2019usager. Les cookies servent aussi \u00e0 s\u2019assurer que les publicit\u00e9s que vous voyez en ligne sont plus adapt\u00e9es \u00e0 vous et vos int\u00e9r\u00eats. <\/span><\/p>\n<p><span style=\"font-weight: 400;\">Vous avez toujours la possibilit\u00e9 de d\u00e9sactiver les cookies sur votre ordinateur en tout temps. Vous pouvez indiquer \u00e0 votre navigateur de vous notifier quand vous recevez un cookie, ce qui vous donne la possibilit\u00e9 de d\u00e9cider de l&rsquo;accepter ou non. Cependant, certaines fonctionnalit\u00e9s du site pourraient n\u00e9cessiter des cookies pour fonctionner correctement.<\/span><\/p>\n","protected":false},"excerpt":{"rendered":"<p>Comment nous utilisons les cookies sur notre site Internet Face3 Media utilise des cookies et autres outils similaire afin d\u2019am\u00e9liorer sa performance et ainsi augmenter votre exp\u00e9rience en tant qu\u2019usager. Voici ce que vous devez savoir sur nos pratiques de collecte de donn\u00e9es et de l&rsquo;usage qui en est fait. Les donn\u00e9es que nous pourrions <\/p>\n","protected":false},"author":1,"featured_media":0,"parent":0,"menu_order":0,"comment_status":"closed","ping_status":"closed","template":"","meta":{"footnotes":""},"yoast_head":"<!-- This site is optimized with the Yoast SEO plugin v21.5 - https:\/\/yoast.com\/wordpress\/plugins\/seo\/ -->\n<title>Politique de confidentialit\u00e9 - Face3 Media<\/title>\n<meta name=\"description\" content=\"Face3 Media utilise des cookies et autres outils similaire afin d\u2019am\u00e9liorer sa performance et ainsi augmenter votre exp\u00e9rience en tant qu\u2019usager.\" \/>\n<meta name=\"robots\" content=\"noindex, nofollow\" \/>\n<meta property=\"og:locale\" content=\"fr_FR\" \/>\n<meta property=\"og:type\" content=\"article\" \/>\n<meta property=\"og:title\" content=\"Politique de confidentialit\u00e9 - Face3 Media\" \/>\n<meta property=\"og:description\" content=\"Face3 Media utilise des cookies et autres outils similaire afin d\u2019am\u00e9liorer sa performance et ainsi augmenter votre exp\u00e9rience en tant qu\u2019usager.\" \/>\n<meta property=\"og:url\" content=\"https:\/\/face3media.com\/fr\/politique-de-confidentialite\/\" \/>\n<meta property=\"og:site_name\" content=\"Face3 Media French\" \/>\n<meta property=\"article:modified_time\" content=\"2020-05-07T15:32:30+00:00\" \/>\n<meta name=\"twitter:card\" content=\"summary_large_image\" \/>\n<meta name=\"twitter:label1\" content=\"Dur\u00e9e de lecture estim\u00e9e\" \/>\n\t<meta name=\"twitter:data1\" content=\"3 minutes\" \/>\n<script type=\"application\/ld+json\" class=\"yoast-schema-graph\">{\"@context\":\"https:\/\/schema.org\",\"@graph\":[{\"@type\":\"WebPage\",\"@id\":\"https:\/\/face3media.com\/fr\/politique-de-confidentialite\/\",\"url\":\"https:\/\/face3media.com\/fr\/politique-de-confidentialite\/\",\"name\":\"Politique de confidentialit\u00e9 - Face3 Media\",\"isPartOf\":{\"@id\":\"https:\/\/face3media.com\/fr\/#website\"},\"datePublished\":\"2018-07-26T18:03:34+00:00\",\"dateModified\":\"2020-05-07T15:32:30+00:00\",\"description\":\"Face3 Media utilise des cookies et autres outils similaire afin d\u2019am\u00e9liorer sa performance et ainsi augmenter votre exp\u00e9rience en tant qu\u2019usager.\",\"breadcrumb\":{\"@id\":\"https:\/\/face3media.com\/fr\/politique-de-confidentialite\/#breadcrumb\"},\"inLanguage\":\"fr-FR\",\"potentialAction\":[{\"@type\":\"ReadAction\",\"target\":[\"https:\/\/face3media.com\/fr\/politique-de-confidentialite\/\"]}]},{\"@type\":\"BreadcrumbList\",\"@id\":\"https:\/\/face3media.com\/fr\/politique-de-confidentialite\/#breadcrumb\",\"itemListElement\":[{\"@type\":\"ListItem\",\"position\":1,\"name\":\"Home\",\"item\":\"https:\/\/face3media.com\/fr\/\"},{\"@type\":\"ListItem\",\"position\":2,\"name\":\"Politique de confidentialit\u00e9\"}]},{\"@type\":\"WebSite\",\"@id\":\"https:\/\/face3media.com\/fr\/#website\",\"url\":\"https:\/\/face3media.com\/fr\/\",\"name\":\"Face3 Media French\",\"description\":\"\",\"potentialAction\":[{\"@type\":\"SearchAction\",\"target\":{\"@type\":\"EntryPoint\",\"urlTemplate\":\"https:\/\/face3media.com\/fr\/?s={search_term_string}\"},\"query-input\":\"required name=search_term_string\"}],\"inLanguage\":\"fr-FR\"}]}<\/script>\n<!-- \/ Yoast SEO plugin. -->","yoast_head_json":{"title":"Politique de confidentialit\u00e9 - Face3 Media","description":"Face3 Media utilise des cookies et autres outils similaire afin d\u2019am\u00e9liorer sa performance et ainsi augmenter votre exp\u00e9rience en tant qu\u2019usager.","robots":{"index":"noindex","follow":"nofollow"},"og_locale":"fr_FR","og_type":"article","og_title":"Politique de confidentialit\u00e9 - Face3 Media","og_description":"Face3 Media utilise des cookies et autres outils similaire afin d\u2019am\u00e9liorer sa performance et ainsi augmenter votre exp\u00e9rience en tant qu\u2019usager.","og_url":"https:\/\/face3media.com\/fr\/politique-de-confidentialite\/","og_site_name":"Face3 Media French","article_modified_time":"2020-05-07T15:32:30+00:00","twitter_card":"summary_large_image","twitter_misc":{"Dur\u00e9e de lecture estim\u00e9e":"3 minutes"},"schema":{"@context":"https:\/\/schema.org","@graph":[{"@type":"WebPage","@id":"https:\/\/face3media.com\/fr\/politique-de-confidentialite\/","url":"https:\/\/face3media.com\/fr\/politique-de-confidentialite\/","name":"Politique de confidentialit\u00e9 - Face3 Media","isPartOf":{"@id":"https:\/\/face3media.com\/fr\/#website"},"datePublished":"2018-07-26T18:03:34+00:00","dateModified":"2020-05-07T15:32:30+00:00","description":"Face3 Media utilise des cookies et autres outils similaire afin d\u2019am\u00e9liorer sa performance et ainsi augmenter votre exp\u00e9rience en tant qu\u2019usager.","breadcrumb":{"@id":"https:\/\/face3media.com\/fr\/politique-de-confidentialite\/#breadcrumb"},"inLanguage":"fr-FR","potentialAction":[{"@type":"ReadAction","target":["https:\/\/face3media.com\/fr\/politique-de-confidentialite\/"]}]},{"@type":"BreadcrumbList","@id":"https:\/\/face3media.com\/fr\/politique-de-confidentialite\/#breadcrumb","itemListElement":[{"@type":"ListItem","position":1,"name":"Home","item":"https:\/\/face3media.com\/fr\/"},{"@type":"ListItem","position":2,"name":"Politique de confidentialit\u00e9"}]},{"@type":"WebSite","@id":"https:\/\/face3media.com\/fr\/#website","url":"https:\/\/face3media.com\/fr\/","name":"Face3 Media French","description":"","potentialAction":[{"@type":"SearchAction","target":{"@type":"EntryPoint","urlTemplate":"https:\/\/face3media.com\/fr\/?s={search_term_string}"},"query-input":"required name=search_term_string"}],"inLanguage":"fr-FR"}]}},"_links":{"self":[{"href":"https:\/\/face3media.com\/fr\/wp-json\/wp\/v2\/pages\/289"}],"collection":[{"href":"https:\/\/face3media.com\/fr\/wp-json\/wp\/v2\/pages"}],"about":[{"href":"https:\/\/face3media.com\/fr\/wp-json\/wp\/v2\/types\/page"}],"author":[{"embeddable":true,"href":"https:\/\/face3media.com\/fr\/wp-json\/wp\/v2\/users\/1"}],"replies":[{"embeddable":true,"href":"https:\/\/face3media.com\/fr\/wp-json\/wp\/v2\/comments?post=289"}],"version-history":[{"count":2,"href":"https:\/\/face3media.com\/fr\/wp-json\/wp\/v2\/pages\/289\/revisions"}],"predecessor-version":[{"id":678,"href":"https:\/\/face3media.com\/fr\/wp-json\/wp\/v2\/pages\/289\/revisions\/678"}],"wp:attachment":[{"href":"https:\/\/face3media.com\/fr\/wp-json\/wp\/v2\/media?parent=289"}],"curies":[{"name":"wp","href":"https:\/\/api.w.org\/{rel}","templated":true}]}}