{"id":27,"date":"2015-11-09T21:10:18","date_gmt":"2015-11-09T21:10:18","guid":{"rendered":"http:\/\/face3media.com\/fr\/?page_id=27"},"modified":"2022-07-25T13:31:44","modified_gmt":"2022-07-25T13:31:44","slug":"home","status":"publish","type":"page","link":"https:\/\/face3media.com\/fr\/","title":{"rendered":"Home"},"content":{"rendered":"<p class=\"largetext\">Face3 Media r\u00e9unit une \u00e9quipe multilingue de concepteurs, de programmeurs et de sp\u00e9cialistes du marketing aux talents vari\u00e9s qui se passionnent pour la conception et le d\u00e9veloppement.<\/p>\n","protected":false},"excerpt":{"rendered":"<p>Face3 Media r\u00e9unit une \u00e9quipe multilingue de concepteurs, de programmeurs et de sp\u00e9cialistes du marketing aux talents vari\u00e9s qui se passionnent pour la conception et le d\u00e9veloppement.<\/p>\n","protected":false},"author":1,"featured_media":0,"parent":0,"menu_order":0,"comment_status":"closed","ping_status":"closed","template":"","meta":{"footnotes":""},"yoast_head":"<!-- This site is optimized with the Yoast SEO plugin v21.5 - https:\/\/yoast.com\/wordpress\/plugins\/seo\/ -->\n<title>Conception et D\u00e9veloppement de Site Web, Mark\u00e9ting &amp; Vid\u00e9o | Face3 Media<\/title>\n<meta name=\"description\" content=\"Face3 Media est une agence de conception, d\u00e9veloppement, SEO, marketing num\u00e9rique et production vid\u00e9o avec une concentration sur la cr\u00e9ativit\u00e9.\" \/>\n<meta name=\"robots\" content=\"index, follow, max-snippet:-1, max-image-preview:large, max-video-preview:-1\" \/>\n<link rel=\"canonical\" href=\"https:\/\/face3media.com\/fr\/\" \/>\n<meta property=\"og:locale\" content=\"fr_FR\" \/>\n<meta property=\"og:type\" content=\"article\" \/>\n<meta property=\"og:title\" content=\"Conception et D\u00e9veloppement de Site Web, Mark\u00e9ting &amp; Vid\u00e9o | Face3 Media\" \/>\n<meta property=\"og:description\" content=\"Face3 Media est une agence de conception, d\u00e9veloppement, SEO, marketing num\u00e9rique et production vid\u00e9o avec une concentration sur la cr\u00e9ativit\u00e9.\" \/>\n<meta property=\"og:url\" content=\"https:\/\/face3media.com\/fr\/\" \/>\n<meta property=\"og:site_name\" content=\"Face3 Media French\" \/>\n<meta property=\"article:modified_time\" content=\"2022-07-25T13:31:44+00:00\" \/>\n<meta name=\"twitter:card\" content=\"summary_large_image\" \/>\n<meta name=\"twitter:title\" content=\"Conception et D\u00e9veloppement de Site Web, Mark\u00e9ting &amp; Vid\u00e9o | Face3 Media\" \/>\n<meta name=\"twitter:description\" content=\"Face3 Media est une agence de conception, d\u00e9veloppement, SEO, marketing num\u00e9rique et production vid\u00e9o avec une concentration sur la cr\u00e9ativit\u00e9.\" \/>\n<meta name=\"twitter:image\" content=\"http:\/\/face3media.com\/wp-content\/uploads\/sites\/2\/2018\/06\/face3-og-1.0.jpg\" \/>\n<meta name=\"twitter:label1\" content=\"Dur\u00e9e de lecture estim\u00e9e\" \/>\n\t<meta name=\"twitter:data1\" content=\"1 minute\" \/>\n<script type=\"application\/ld+json\" class=\"yoast-schema-graph\">{\"@context\":\"https:\/\/schema.org\",\"@graph\":[{\"@type\":\"WebPage\",\"@id\":\"https:\/\/face3media.com\/fr\/\",\"url\":\"https:\/\/face3media.com\/fr\/\",\"name\":\"Conception et D\u00e9veloppement de Site Web, Mark\u00e9ting & Vid\u00e9o | Face3 Media\",\"isPartOf\":{\"@id\":\"https:\/\/face3media.com\/fr\/#website\"},\"datePublished\":\"2015-11-09T21:10:18+00:00\",\"dateModified\":\"2022-07-25T13:31:44+00:00\",\"description\":\"Face3 Media est une agence de conception, d\u00e9veloppement, SEO, marketing num\u00e9rique et production vid\u00e9o avec une concentration sur la cr\u00e9ativit\u00e9.\",\"breadcrumb\":{\"@id\":\"https:\/\/face3media.com\/fr\/#breadcrumb\"},\"inLanguage\":\"fr-FR\",\"potentialAction\":[{\"@type\":\"ReadAction\",\"target\":[\"https:\/\/face3media.com\/fr\/\"]}]},{\"@type\":\"BreadcrumbList\",\"@id\":\"https:\/\/face3media.com\/fr\/#breadcrumb\",\"itemListElement\":[{\"@type\":\"ListItem\",\"position\":1,\"name\":\"Home\",\"item\":\"https:\/\/face3media.com\/fr\/\"},{\"@type\":\"ListItem\",\"position\":2,\"name\":\"Home\"}]},{\"@type\":\"WebSite\",\"@id\":\"https:\/\/face3media.com\/fr\/#website\",\"url\":\"https:\/\/face3media.com\/fr\/\",\"name\":\"Face3 Media French\",\"description\":\"\",\"potentialAction\":[{\"@type\":\"SearchAction\",\"target\":{\"@type\":\"EntryPoint\",\"urlTemplate\":\"https:\/\/face3media.com\/fr\/?s={search_term_string}\"},\"query-input\":\"required name=search_term_string\"}],\"inLanguage\":\"fr-FR\"}]}<\/script>\n<!-- \/ Yoast SEO plugin. -->","yoast_head_json":{"title":"Conception et D\u00e9veloppement de Site Web, Mark\u00e9ting & Vid\u00e9o | Face3 Media","description":"Face3 Media est une agence de conception, d\u00e9veloppement, SEO, marketing num\u00e9rique et production vid\u00e9o avec une concentration sur la cr\u00e9ativit\u00e9.","robots":{"index":"index","follow":"follow","max-snippet":"max-snippet:-1","max-image-preview":"max-image-preview:large","max-video-preview":"max-video-preview:-1"},"canonical":"https:\/\/face3media.com\/fr\/","og_locale":"fr_FR","og_type":"article","og_title":"Conception et D\u00e9veloppement de Site Web, Mark\u00e9ting & Vid\u00e9o | Face3 Media","og_description":"Face3 Media est une agence de conception, d\u00e9veloppement, SEO, marketing num\u00e9rique et production vid\u00e9o avec une concentration sur la cr\u00e9ativit\u00e9.","og_url":"https:\/\/face3media.com\/fr\/","og_site_name":"Face3 Media French","article_modified_time":"2022-07-25T13:31:44+00:00","twitter_card":"summary_large_image","twitter_title":"Conception et D\u00e9veloppement de Site Web, Mark\u00e9ting & Vid\u00e9o | Face3 Media","twitter_description":"Face3 Media est une agence de conception, d\u00e9veloppement, SEO, marketing num\u00e9rique et production vid\u00e9o avec une concentration sur la cr\u00e9ativit\u00e9.","twitter_image":"http:\/\/face3media.com\/wp-content\/uploads\/sites\/2\/2018\/06\/face3-og-1.0.jpg","twitter_misc":{"Dur\u00e9e de lecture estim\u00e9e":"1 minute"},"schema":{"@context":"https:\/\/schema.org","@graph":[{"@type":"WebPage","@id":"https:\/\/face3media.com\/fr\/","url":"https:\/\/face3media.com\/fr\/","name":"Conception et D\u00e9veloppement de Site Web, Mark\u00e9ting & Vid\u00e9o | Face3 Media","isPartOf":{"@id":"https:\/\/face3media.com\/fr\/#website"},"datePublished":"2015-11-09T21:10:18+00:00","dateModified":"2022-07-25T13:31:44+00:00","description":"Face3 Media est une agence de conception, d\u00e9veloppement, SEO, marketing num\u00e9rique et production vid\u00e9o avec une concentration sur la cr\u00e9ativit\u00e9.","breadcrumb":{"@id":"https:\/\/face3media.com\/fr\/#breadcrumb"},"inLanguage":"fr-FR","potentialAction":[{"@type":"ReadAction","target":["https:\/\/face3media.com\/fr\/"]}]},{"@type":"BreadcrumbList","@id":"https:\/\/face3media.com\/fr\/#breadcrumb","itemListElement":[{"@type":"ListItem","position":1,"name":"Home","item":"https:\/\/face3media.com\/fr\/"},{"@type":"ListItem","position":2,"name":"Home"}]},{"@type":"WebSite","@id":"https:\/\/face3media.com\/fr\/#website","url":"https:\/\/face3media.com\/fr\/","name":"Face3 Media French","description":"","potentialAction":[{"@type":"SearchAction","target":{"@type":"EntryPoint","urlTemplate":"https:\/\/face3media.com\/fr\/?s={search_term_string}"},"query-input":"required name=search_term_string"}],"inLanguage":"fr-FR"}]}},"_links":{"self":[{"href":"https:\/\/face3media.com\/fr\/wp-json\/wp\/v2\/pages\/27"}],"collection":[{"href":"https:\/\/face3media.com\/fr\/wp-json\/wp\/v2\/pages"}],"about":[{"href":"https:\/\/face3media.com\/fr\/wp-json\/wp\/v2\/types\/page"}],"author":[{"embeddable":true,"href":"https:\/\/face3media.com\/fr\/wp-json\/wp\/v2\/users\/1"}],"replies":[{"embeddable":true,"href":"https:\/\/face3media.com\/fr\/wp-json\/wp\/v2\/comments?post=27"}],"version-history":[{"count":8,"href":"https:\/\/face3media.com\/fr\/wp-json\/wp\/v2\/pages\/27\/revisions"}],"predecessor-version":[{"id":280,"href":"https:\/\/face3media.com\/fr\/wp-json\/wp\/v2\/pages\/27\/revisions\/280"}],"wp:attachment":[{"href":"https:\/\/face3media.com\/fr\/wp-json\/wp\/v2\/media?parent=27"}],"curies":[{"name":"wp","href":"https:\/\/api.w.org\/{rel}","templated":true}]}}